{"id":33169,"date":"2020-08-20T03:27:25","date_gmt":"2020-08-20T02:27:25","guid":{"rendered":"https:\/\/karate.ma\/1315-2-2\/"},"modified":"2023-01-25T13:28:08","modified_gmt":"2023-01-25T12:28:08","slug":"1315-2","status":"publish","type":"page","link":"https:\/\/fnaa.ma\/en\/1315-2\/","title":{"rendered":"About us"},"content":{"rendered":"<style>\/*! elementor - v3.9.2 - 21-12-2022 *\/\n.elementor-heading-title{padding:0;margin:0;line-height:1}.elementor-widget-heading .elementor-heading-title[class*=elementor-size-]>a{color:inherit;font-size:inherit;line-height:inherit}.elementor-widget-heading .elementor-heading-title.elementor-size-small{font-size:15px}.elementor-widget-heading .elementor-heading-title.elementor-size-medium{font-size:19px}.elementor-widget-heading .elementor-heading-title.elementor-size-large{font-size:29px}.elementor-widget-heading .elementor-heading-title.elementor-size-xl{font-size:39px}.elementor-widget-heading .elementor-heading-title.elementor-size-xxl{font-size:59px}<\/style>\n<h2>Pour un Maroc F\u00e9d\u00e9ral, D\u00e9mocratique et La\u00efc <\/h2>\n<p><strong>Mission:<\/strong><\/p>\n<p>La f\u00e9d\u00e9ration des Associations Amazigh au Maroc est une organisation non gouvernementale et ind\u00e9pendante qui \u0153uvre pour la promotion de tamazight, en d\u00e9fendant les droits linguistiques, culturels, politiques, \u00e9conomiques et sociaux des citoyens amazighs au Maroc, par leur effective dans tout les secteurs de la vie public.<\/p>\n<style>\/*! elementor - v3.9.2 - 21-12-2022 *\/\n.elementor-widget-image{text-align:center}.elementor-widget-image a{display:inline-block}.elementor-widget-image a img[src$=\".svg\"]{width:48px}.elementor-widget-image img{vertical-align:middle;display:inline-block}<\/style>\n<p>\t\t\t\t\t\t\t\t\t\t\t\t<img decoding=\"async\" width=\"820\" height=\"820\" src=\"https:\/\/karate.ma\/wp-content\/uploads\/2023\/01\/7-2.jpg\" alt=\"\" loading=\"lazy\" srcset=\"https:\/\/karate.ma\/wp-content\/uploads\/2023\/01\/7-2.jpg 820w, https:\/\/karate.ma\/wp-content\/uploads\/2023\/01\/7-2-300x300.jpg 300w, https:\/\/karate.ma\/wp-content\/uploads\/2023\/01\/7-2-150x150.jpg 150w, https:\/\/karate.ma\/wp-content\/uploads\/2023\/01\/7-2-768x768.jpg 768w, https:\/\/karate.ma\/wp-content\/uploads\/2023\/01\/7-2-109x109.jpg 109w, https:\/\/karate.ma\/wp-content\/uploads\/2023\/01\/7-2-100x100.jpg 100w, https:\/\/karate.ma\/wp-content\/uploads\/2023\/01\/7-2-600x600.jpg 600w, https:\/\/karate.ma\/wp-content\/uploads\/2023\/01\/7-2-560x560.jpg 560w\" sizes=\"auto, (max-width: 820px) 100vw, 820px\" \/>\t\t\t\t\t\t\t\t\t\t\t\t\t\t\t<\/p>\n<style>\/*! elementor - v3.9.2 - 21-12-2022 *\/\n.elementor-counter .elementor-counter-number-wrapper{display:flex;font-size:69px;font-weight:600;line-height:1}.elementor-counter .elementor-counter-number-prefix,.elementor-counter .elementor-counter-number-suffix{flex-grow:1;white-space:pre-wrap}.elementor-counter .elementor-counter-number-prefix{text-align:right}.elementor-counter .elementor-counter-number-suffix{text-align:left}.elementor-counter .elementor-counter-title{text-align:center;font-size:19px;font-weight:400;line-height:2.5}<\/style>\n<p>\t\t\t\t0<br \/>\n\t\t\t\t\t\t\tAssociations Locales<br \/>\n\t\t\t\t0<br \/>\n\t\t\t\t\t\t\tAssociations R\u00e9gionales<br \/>\n\t\t\t\t0<br \/>\n\t\t\t\t\t\t\tAssociation Nationales<br \/>\n\t\t\t\t0<br \/>\n\t\t\t\t\t\t\tCoordinations R\u00e9seaux<\/p>\n<h3>Les objectifs strat\u00e9giques<\/h3>\n<ul>\n<li>La promotion et la protection  des droits linguistique et culturels, politiques, civiques, \u00e9conomiques et sociaux des citoyens marocains tel qu\u2019ils sont reconnus  dans le droit coutumier  amazigh  et  dans  la  charte  international  des  droits  de  l\u2019homme  et  des peuples .<\/li>\n<li>La  lutte  contre  toutes  les  formes  de  discrimination  envers  tamazight,  et  la  mise  en \u0153uvre des dispositions  constitutionnelles pour la mise en application de l\u2019usage de la langue amazigh dans tous les secteurs de la vie publique comme langue officielle de l\u2019\u00e9tat.<\/li>\n<li>La  contribution  a  la  promotion  de  la  langue  et  la  culture  amazigh,  en  \u0153uvrant  a l\u2019int\u00e9gration de toutes les composantes de l\u2019identit\u00e9 amazigh dans la vie public.<\/li>\n<li>La participation active  au d\u00e9veloppement d\u2019une soci\u00e9t\u00e9  civile moderne innovante ; d\u00e9mocrate et la\u00efc.<\/li>\n<li>D\u00e9fendre les droits des populations marocaines \u00e0 disposer en toute l\u00e9gitimit\u00e9 de leurs terres ancestrales.<\/li>\n<li>La lutte contre le racisme et l\u2019intol\u00e9rance entre les peuples du monde.<\/li>\n<li>L\u2019instauration  de  l\u2019\u00e9galit\u00e9  totale  et  effective  entre  les  deux sexes  dans  un  code  de famille moderne et innovant.<\/li>\n<li>D\u00e9fendre  les  droits  des  jeunes  et  des  enfants,  et  la  protection  de  leurs  droits,  en assurant la qualification de leurs capacit\u00e9s et leurs participation a la vie public .<\/li>\n<li> Le lobbying pour l\u2019appropriation des l\u00e9gislations et lois locales  aux droits humaines .<\/li>\n<li>Renfoncement institutionnelle et organisationnelle du FNAA .<\/li>\n<\/ul>\n<h3>Strat\u00e9gie d\u2019intervention<\/h3>\n<ul>\n<li>La mise en \u0153uvre d\u2019une politique de plaidoirie envers tous les intervenants \u00e9tatiques,politiques  et  sociaux  pour  la  reconnaissance  des  droits  linguistiques  et  culturels amazighs. Dans tous les secteurs de la vie publique.<\/li>\n<li>Publication des rapports national et parall\u00e8les,  des m\u00e9morandums revendicatifs,  des lettres  ouvertes,  des  p\u00e9titions,  des  communiqu\u00e9,  et  entamer  des  poursuites judiciaire \u2026<\/li>\n<li>Le lobbying pour l\u2019appropriation des  moyens et des outils  l\u00e9gislatifs au niveau des instances internationales.<\/li>\n<\/ul>\n<h3>Organigramme<\/h3>\n<ul>\n<li>Le congr\u00e8s G\u00e9n\u00e9ral : Instance supr\u00eame se tien tous les 3 ans.<\/li>\n<li>Le conseil F\u00e9d\u00e9ral : constitu\u00e9 de 44 membres \u00e9lu au suffrage universel par le congr\u00e8s.<\/li>\n<li>Le bureau f\u00e9d\u00e9ral : constitu\u00e9 de 9 membres \u00e9lu par le conseil f\u00e9d\u00e9ral.<\/li>\n<\/ul>\n<h3>Associations membres<\/h3>\n<p>\t\t111 associations Amazigh des diff\u00e9rentes r\u00e9gions du Maroc  sont membres fondatrices de la F\u00e9d\u00e9ration :<\/p>\n<ul>\n<li>Associations Locales : 85<\/li>\n<li>Associations R\u00e9gionales : 21<\/li>\n<li>Association Nationales : 2<\/li>\n<li> Coordinations R\u00e9seaux : 3<\/li>\n<\/ul>\n","protected":false},"excerpt":{"rendered":"<p>Pour un Maroc F\u00e9d\u00e9ral, D\u00e9mocratique et La\u00efc Mission: La f\u00e9d\u00e9ration des Associations Amazigh au Maroc est une organisation non gouvernementale et ind\u00e9pendante qui \u0153uvre pour la promotion de tamazight, en d\u00e9fendant les droits linguistiques, culturels, politiques, \u00e9conomiques et sociaux des citoyens amazighs au Maroc, par leur effective dans tout les secteurs de la vie public. [&hellip;]<\/p>\n","protected":false},"author":1,"featured_media":32711,"parent":0,"menu_order":0,"comment_status":"closed","ping_status":"closed","template":"elementor_header_footer","meta":{"footnotes":""},"class_list":["post-33169","page","type-page","status-publish","has-post-thumbnail","hentry"],"acf":[],"_links":{"self":[{"href":"https:\/\/fnaa.ma\/en\/wp-json\/wp\/v2\/pages\/33169","targetHints":{"allow":["GET"]}}],"collection":[{"href":"https:\/\/fnaa.ma\/en\/wp-json\/wp\/v2\/pages"}],"about":[{"href":"https:\/\/fnaa.ma\/en\/wp-json\/wp\/v2\/types\/page"}],"author":[{"embeddable":true,"href":"https:\/\/fnaa.ma\/en\/wp-json\/wp\/v2\/users\/1"}],"replies":[{"embeddable":true,"href":"https:\/\/fnaa.ma\/en\/wp-json\/wp\/v2\/comments?post=33169"}],"version-history":[{"count":1,"href":"https:\/\/fnaa.ma\/en\/wp-json\/wp\/v2\/pages\/33169\/revisions"}],"predecessor-version":[{"id":35626,"href":"https:\/\/fnaa.ma\/en\/wp-json\/wp\/v2\/pages\/33169\/revisions\/35626"}],"wp:featuredmedia":[{"embeddable":true,"href":"https:\/\/fnaa.ma\/en\/wp-json\/wp\/v2\/media\/32711"}],"wp:attachment":[{"href":"https:\/\/fnaa.ma\/en\/wp-json\/wp\/v2\/media?parent=33169"}],"curies":[{"name":"wp","href":"https:\/\/api.w.org\/{rel}","templated":true}]}}